{"id":1689,"date":"2023-10-30T10:20:44","date_gmt":"2023-10-30T09:20:44","guid":{"rendered":"https:\/\/abacformacio.com\/politica-de-cookies\/"},"modified":"2023-11-22T14:04:24","modified_gmt":"2023-11-22T13:04:24","slug":"politica-de-cookies","status":"publish","type":"page","link":"https:\/\/abacformacio.com\/es\/politica-de-cookies\/","title":{"rendered":"Pol\u00edtica de cookies"},"content":{"rendered":"\t\t<div data-elementor-type=\"wp-page\" data-elementor-id=\"1689\" class=\"elementor elementor-1689 elementor-966\" data-elementor-post-type=\"page\">\n\t\t\t\t<div class=\"elementor-element elementor-element-0fdac12 e-flex e-con-boxed e-con e-parent\" data-id=\"0fdac12\" data-element_type=\"container\">\n\t\t\t\t\t<div class=\"e-con-inner\">\n\t\t\t\t<div class=\"elementor-element elementor-element-dfdf847 elementor-widget elementor-widget-heading\" data-id=\"dfdf847\" data-element_type=\"widget\" data-widget_type=\"heading.default\">\n\t\t\t\t<div class=\"elementor-widget-container\">\n\t\t\t\t\t<h1 class=\"elementor-heading-title elementor-size-default\">Pol\u00edtica de cookies<\/h1>\t\t\t\t<\/div>\n\t\t\t\t<\/div>\n\t\t\t\t<div class=\"elementor-element elementor-element-78e6f69 elementor-widget elementor-widget-text-editor\" data-id=\"78e6f69\" data-element_type=\"widget\" data-widget_type=\"text-editor.default\">\n\t\t\t\t<div class=\"elementor-widget-container\">\n\t\t\t\t\t\t\t\t\tUna <em>cookie<\/em> es un peque\u00f1o fichero de texto que se almacena a vuestro navegador cuando visita casi cualquier p\u00e1gina web. Su utilidad es que la web sea capaz de recordar vuestra visita cuando volv\u00e9is a navegar por esta p\u00e1gina. Las galletas suelen almacenar informaci\u00f3n de car\u00e1cter t\u00e9cnico, preferencias personales, personalizaci\u00f3n de contenidos, estad\u00edsticas de uso, enlaces a redes sociales, acceso a cuentas de usuario, etc. El objetivo de la <em>cookie<\/em> es adaptar el contenido de la web a su perfil y necesidades, sin<em>cookies<\/em> los servicios ofrecidos por cualquier p\u00e1gina se ver\u00edan menguados notablemente. Si quer\u00e9is consultar m\u00e1s informaci\u00f3n sobre que son las galletas, que almacenan, como eliminarlas, desactivarlas, etc.,<a href=\"#navegador\">le rogamos se dirija a este enlace.<\/a>\n<h4>Cookies utilizadas en este sitio web<\/h4>\nSiguiendo las directrices de la Agencia Espa\u00f1ola de Protecci\u00f3n de Datos procedemos a detallar el uso de galletas que hace esta web para informaros con la m\u00e1xima exactitud posible.\n\nEste sitio web utiliza las siguientes: <strong>cookies propias<\/strong>:\n<ul>\n<li>Cookies de sesi\u00f3n, para garantizar que los usuarios que escriban comentarios al bloque sean humanos y no aplicaciones automatizadas. De este modo se combate el spam.<\/li>\n<\/ul>\nEste sitio web utiliza las siguientes galletas de terceros:\n<ul>\n<li>Google Analytics: Almacena <em>cookies<\/em> para poder elaborar estad\u00edsticas sobre el tr\u00e1fico y volumen de visitas de esta web. Al utilizar este sitio web est\u00e1 consintiendo el tratamiento dinformaci\u00f3 sobre usted por Google. Por lo tanto, el ejercicio de cualquier derecho en este sentido lo tendr\u00e1 que hacer comunicando directamente con Google.<\/li>\n<li>Redes sociales: Cada red social utiliza sus propias <em>cookies<\/em> porque usted pueda pinchar en botones del tipo <em>Me gusta<\/em> o <em>Compartir<\/em> <\/li>\n<\/ul>\n<h4>Desactivaci\u00f3n o eliminaci\u00f3n de cookies<\/h4>\nEn cualquier momento podr\u00e9is ejercer vuestro derecho de desactivaci\u00f3n o eliminaci\u00f3n de cookies de este sitio web. Estas acciones se realizan de manera diferente en funci\u00f3n del navegador que utiliz\u00e1is. <a href=\"#navegador\">Aqu\u00ed os dejamos una gu\u00eda r\u00e1pida para los navegadores m\u00e1s populares.<\/a>\n<h4>Notas adicionales<\/h4>\n<ul>\n<li>Ni esta web ni sus representantes legales se hacen responsables ni del contenido ni de la veracidad de las pol\u00edticas de privacidad que puedan tener los terceros mencionados en esta pol\u00edtica de <em>cookies<\/em>.<\/li>\n<li>Los navegadores web son las herramientas encargadas de almacenar las <em>cookies<\/em> y desde este lugar tiene que efectuar el derecho a eliminarlo o desactivarlo. Ni esta web ni sus representantes legales pueden garantizar la correcta o incorrecta manipulaci\u00f3n de las <em>cookies<\/em>por parte de los navegadores mencionados.<\/li>\n<li>En algunos casos es necesario instalar <em>cookies<\/em> para que el navegador no olvide su decisi\u00f3n de no aceptaci\u00f3n de las mismas.<\/li>\n<li>En el caso de las <em>cookies<\/em> de Google Analytics, esta empresa almacena las <em>cookies<\/em> en servidores ubicados en los Estados Unidos y se compromete a no compartirla con terceros, excepto a los casos en que sea necesario para el funcionamiento del sistema o cuando la ley obligue a tal efecto. Seg\u00fan Google no guarda vuestra direcci\u00f3n IP. Google Inc. es una compa\u00f1\u00eda adherida en el Acuerdo de Puerto Seguro que garantiza que todos los datos transferidos ser\u00e1n tratadas con un nivel de protecci\u00f3n de acuerdo con la normativa europea. Pod\u00e9is consultar informaci\u00f3n detallada sobre este tema <a href=\"http:\/\/safeharbor.export.gov\/companyinfo.aspx?id=16626\" target=\"_blank\" rel=\"noopener noreferrer\">en este enlace<\/a>. Si vol\u00e1is informaci\u00f3n sobre el uso que Google da a las galletas <a href=\"https:\/\/developers.google.com\/analytics\/devguides\/collection\/analyticsjs\/cookie-usage?hl=ca&amp;csw=1\" target=\" _blank\" rel=\"noopener noreferrer\">adjuntemos este otro enlace<\/a>.<\/li>\n<li>Por cualquier duda o consulta sobre esta pol\u00edtica de <em>cookies<\/em> no dude al comunicarse con nosotros a trav\u00e9s de la secci\u00f3n de contacto.<\/li>\n<\/ul>\t\t\t\t\t\t\t\t<\/div>\n\t\t\t\t<\/div>\n\t\t\t\t<div class=\"elementor-element elementor-element-e27085e elementor-widget elementor-widget-menu-anchor\" data-id=\"e27085e\" data-element_type=\"widget\" data-widget_type=\"menu-anchor.default\">\n\t\t\t\t<div class=\"elementor-widget-container\">\n\t\t\t\t\t\t\t<div class=\"elementor-menu-anchor\" id=\"navegador\"><\/div>\n\t\t\t\t\t\t<\/div>\n\t\t\t\t<\/div>\n\t\t\t\t<div class=\"elementor-element elementor-element-2b7ae47 elementor-widget elementor-widget-heading\" data-id=\"2b7ae47\" data-element_type=\"widget\" data-widget_type=\"heading.default\">\n\t\t\t\t<div class=\"elementor-widget-container\">\n\t\t\t\t\t<h2 class=\"elementor-heading-title elementor-size-default\">M\u00e1s informaci\u00f3n sobre las cookies\n<\/h2>\t\t\t\t<\/div>\n\t\t\t\t<\/div>\n\t\t\t\t<div class=\"elementor-element elementor-element-d022f66 elementor-widget elementor-widget-text-editor\" data-id=\"d022f66\" data-element_type=\"widget\" data-widget_type=\"text-editor.default\">\n\t\t\t\t<div class=\"elementor-widget-container\">\n\t\t\t\t\t\t\t\t\t<h4>\u00bfQu\u00e9 es una cookie?<\/h4>\nUna\u00a0<em>cookie<\/em>\u00a0es un fichero de texto\u00a0<strong>inofensivo<\/strong>\u00a0que se almacena en su navegador cuando visita casi cualquier p\u00e1gina web. La utilidad de la\u00a0<em>cookie<\/em>\u00a0es que la web sea capaz de recordar su visita cuando vuelva a navegar por esa p\u00e1gina. Aunque mucha gente no lo sabe las\u00a0<em>cookies<\/em>\u00a0se llevan utilizando desde hace 20 a\u00f1os, cuando aparecieron los primeros navegadores para la World Wide Web.\n<h4>\u00bfQu\u00e9 NO ES una cookie?<\/h4>\nNo es un virus, ni un troyano, ni un gusano, ni spam, ni spyware, ni abre ventanas pop-up.\n<h4>\u00bfQu\u00e9 informaci\u00f3n almacena una\u00a0<em>cookie<\/em>?<\/h4>\nLas\u00a0<em>cookies<\/em>\u00a0no suelen almacenar informaci\u00f3n sensible sobre usted, como tarjetas de cr\u00e9dito o datos bancarios, fotograf\u00edas, su DNI o informaci\u00f3n personal, etc. Los datos que guardan son de car\u00e1cter t\u00e9cnico, preferencias personales, personalizaci\u00f3n de contenidos, etc.\n\nEl servidor web no le asocia a usted como persona si no a su navegador web. De hecho, si usted navega habitualmente con Internet Explorer y prueba a navegar por la misma web con Firefox o Chrome ver\u00e1 que la web no se da cuenta que es usted la misma persona porque en realidad est\u00e1 asociando al navegador, no a la persona.\n<h4>\u00bfQu\u00e9 tipo de\u00a0<em>cookies<\/em>\u00a0existen?<\/h4>\n<ul>\n \t<li><em>Cookies<\/em>\u00a0t\u00e9cnicas: Son las m\u00e1s elementales y permiten, entre otras cosas, saber cu\u00e1ndo est\u00e1 navegando un humano o una aplicaci\u00f3n automatizada, cu\u00e1ndo navega un usuario an\u00f3nimo y uno registrado, tareas b\u00e1sicas para el funcionamiento de cualquier web din\u00e1mica.<\/li>\n \t<li><em>Cookies<\/em>\u00a0de an\u00e1lisis: Recogen informaci\u00f3n sobre el tipo de navegaci\u00f3n que est\u00e1 realizando, las secciones que m\u00e1s utiliza, productos consultados, franja horaria de uso, idioma, etc.<\/li>\n \t<li><em>Cookies<\/em>\u00a0publicitarias: Muestran publicidad en funci\u00f3n de su navegaci\u00f3n, su pa\u00eds de procedencia, idioma, etc.<\/li>\n<\/ul>\n<h4>\u00bfQu\u00e9 son las\u00a0<em>cookies<\/em>\u00a0propias y las de terceros?<\/h4>\nLas\u00a0<em>cookies propias<\/em>\u00a0son las generadas por la p\u00e1gina que est\u00e1 visitando y las\u00a0<em>de terceros<\/em>\u00a0son las generadas por servicios o proveedores externos como Facebook, Twitter, Google, etc.\n<h4>\u00bfQu\u00e9 ocurre si desactivo las\u00a0<em>cookies<\/em>?<\/h4>\nPara que entienda el alcance que puede tener desactivar las\u00a0<em>cookies<\/em>\u00a0le mostramos unos ejemplos:\n<ul>\n \t<li>No podr\u00e1 compartir contenidos de esa web en Facebook, Twitter o cualquier otra red social.<\/li>\n \t<li>El sitio web no podr\u00e1 adaptar los contenidos a sus preferencias personales, como suele ocurrir en las tiendas online.<\/li>\n \t<li>No podr\u00e1 acceder al \u00e1rea personal de esa web, como por ejemplo\u00a0<em>Mi cuenta<\/em>, o\u00a0<em>Mi perfil<\/em>\u00a0o\u00a0<em>Mis pedidos<\/em>.<\/li>\n \t<li>Tiendas online: Le ser\u00e1 imposible realizar compras online, tendr\u00e1n que ser telef\u00f3nicas o visitando la tienda f\u00edsica si es que dispone de ella.<\/li>\n \t<li>No ser\u00e1 posible personalizar sus preferencias geogr\u00e1ficas como franja horaria, divisa o idioma.<\/li>\n \t<li>El sitio web no podr\u00e1 realizar anal\u00edticas web sobre visitantes y tr\u00e1fico en la web, lo que dificultar\u00e1 que la web sea competitiva.<\/li>\n \t<li>No podr\u00e1 escribir en el blog, no podr\u00e1 subir fotos, publicar comentarios, valorar o puntuar contenidos. La web tampoco podr\u00e1 saber si usted es un humano o una aplicaci\u00f3n automatizada que publica\u00a0<em>spam<\/em>.<\/li>\n \t<li>No se podr\u00e1 mostrar publicidad sectorizada, lo que reducir\u00e1 los ingresos publicitarios de la web.<\/li>\n \t<li>Todas las redes sociales usan\u00a0<em>cookies<\/em>, si las desactiva no podr\u00e1 utilizar ninguna red social.<\/li>\n<\/ul>\n<h4>\u00bfSe pueden eliminar las\u00a0<em>cookies<\/em>?<\/h4>\nS\u00ed. No s\u00f3lo eliminar, tambi\u00e9n bloquear, de forma general o particular para un dominio espec\u00edfico.\n\nPara eliminar las\u00a0<em>cookies<\/em>\u00a0de un sitio web debe ir a la configuraci\u00f3n de su navegador y all\u00ed podr\u00e1 buscar las asociadas al dominio en cuesti\u00f3n y proceder a su eliminaci\u00f3n.\n<h4 id=\"navegador\">Configuraci\u00f3n de\u00a0<em>cookies<\/em>\u00a0para los navegadores m\u00e1s polulares<\/h4>\nA continuaci\u00f3n le indicamos c\u00f3mo acceder a una\u00a0<em>cookie<\/em>\u00a0determinada del navegador\u00a0<strong>Chrome<\/strong>. Nota: estos pasos pueden variar en funci\u00f3n de la versi\u00f3n del navegador:\n<ol>\n \t<li>Vaya a Configuraci\u00f3n o Preferencias mediante el men\u00fa Archivo o bien pinchando el icono de personalizaci\u00f3n que aparece arriba a la derecha.<\/li>\n \t<li>Ver\u00e1 diferentes secciones, pinche la opci\u00f3n\u00a0<em>Mostrar opciones avanzadas<\/em>.<\/li>\n \t<li>Vaya a\u00a0<em>Privacidad<\/em>,\u00a0<em>Configuraci\u00f3n de contenido<\/em>.<\/li>\n \t<li>Seleccione\u00a0<em>Todas las\u00a0cookies\u00a0y los datos de sitios<\/em>.<\/li>\n \t<li>Aparecer\u00e1 un listado con todas las\u00a0<em>cookies<\/em>\u00a0ordenadas por dominio. Para que le sea m\u00e1s f\u00e1cil encontrar las\u00a0<em>cookies<\/em>\u00a0de un determinado dominio introduzca parcial o totalmente la direcci\u00f3n en el campo\u00a0<em>Buscar cookies<\/em>.<\/li>\n \t<li>Tras realizar este filtro aparecer\u00e1n en pantalla una o varias l\u00edneas con las\u00a0<em>cookies<\/em>\u00a0de la web solicitada. Ahora s\u00f3lo tiene que seleccionarla y pulsar la\u00a0<em>X<\/em>\u00a0para proceder a su eliminaci\u00f3n.<\/li>\n<\/ol>\nPara acceder a la configuraci\u00f3n de\u00a0<em>cookies<\/em>\u00a0del navegador\u00a0<strong>Internet Explorer<\/strong>\u00a0siga estos pasos (pueden variar en funci\u00f3n de la versi\u00f3n del navegador):\n<ol>\n \t<li>Vaya a\u00a0<em>Herramientas<\/em>,\u00a0<em>Opciones de Internet<\/em><\/li>\n \t<li>Haga click en\u00a0<em>Privacidad<\/em>.<\/li>\n \t<li>Mueva el deslizador hasta ajustar el nivel de privacidad que desee.<\/li>\n<\/ol>\nPara acceder a la configuraci\u00f3n de\u00a0<em>cookies<\/em>\u00a0del navegador\u00a0<strong>Firefox<\/strong>\u00a0siga estos pasos (pueden variar en funci\u00f3n de la versi\u00f3n del navegador):\n<ol>\n \t<li>Vaya a\u00a0<em>Opciones<\/em>\u00a0o\u00a0<em>Preferencias<\/em>\u00a0seg\u00fan su sistema operativo.<\/li>\n \t<li>Haga click en\u00a0<em>Privacidad<\/em>.<\/li>\n \t<li>En\u00a0<em>Historial<\/em>\u00a0elija\u00a0<em>Usar una configuraci\u00f3n personalizada para el historial<\/em>.<\/li>\n \t<li>Ahora ver\u00e1 la opci\u00f3n\u00a0<em>Aceptar cookies<\/em>, puede activarla o desactivarla seg\u00fan sus preferencias.<\/li>\n<\/ol>\nPara acceder a la configuraci\u00f3n de\u00a0<em>cookies<\/em>\u00a0del navegador\u00a0<strong>Safari para OSX<\/strong>\u00a0siga estos pasos (pueden variar en funci\u00f3n de la versi\u00f3n del navegador):\n<ol>\n \t<li>Vaya a\u00a0<em>Preferencias<\/em>, luego\u00a0<em>Privacidad<\/em>.<\/li>\n \t<li>En este lugar ver\u00e1 la opci\u00f3n\u00a0<em>Bloquear cookies<\/em>\u00a0para que ajuste el tipo de bloqueo que desea realizar.<\/li>\n<\/ol>\nPara acceder a la configuraci\u00f3n de\u00a0<em>cookies<\/em>\u00a0del navegador\u00a0<strong>Safari para iOS<\/strong>\u00a0siga estos pasos (pueden variar en funci\u00f3n de la versi\u00f3n del navegador):\n<ol>\n \t<li>Vaya a\u00a0<em>Ajustes<\/em>, luego\u00a0<em>Safari<\/em>.<\/li>\n \t<li>Vaya a\u00a0<em>Privacidad y Seguridad<\/em>, ver\u00e1 la opci\u00f3n\u00a0<em>Bloquear cookies<\/em>\u00a0para que ajuste el tipo de bloqueo que desea realizar.<\/li>\n<\/ol>\nPara acceder a la configuraci\u00f3n de\u00a0<em>cookies<\/em>\u00a0del navegador para dispositivos\u00a0<strong>Android<\/strong>\u00a0siga estos pasos (pueden variar en funci\u00f3n de la versi\u00f3n del navegador):\n<ol>\n \t<li>Ejecute el navegador y pulse la tecla\u00a0<em>Men\u00fa<\/em>, luego\u00a0<em>Ajustes<\/em>.<\/li>\n \t<li>Vaya a\u00a0<em>Seguridad y Privacidad<\/em>, ver\u00e1 la opci\u00f3n\u00a0<em>Aceptar cookies<\/em>\u00a0para que active o desactive la casilla.<\/li>\n<\/ol>\nPara acceder a la configuraci\u00f3n de\u00a0<em>cookies<\/em>\u00a0del navegador para dispositivos\u00a0<strong>Windows Phone<\/strong>\u00a0siga estos pasos (pueden variar en funci\u00f3n de la versi\u00f3n del navegador):\n<ol>\n \t<li>Abra\u00a0<em>Internet Explorer<\/em>, luego\u00a0<em>M\u00e1s<\/em>, luego\u00a0<em>Configuraci\u00f3n<\/em><\/li>\n \t<li>Ahora puede activar o desactivar la casilla\u00a0<em>Permitir cookies<\/em>.<\/li>\n<\/ol>\t\t\t\t\t\t\t\t<\/div>\n\t\t\t\t<\/div>\n\t\t\t\t\t<\/div>\n\t\t\t\t<\/div>\n\t\t\t\t<\/div>\n\t\t","protected":false},"excerpt":{"rendered":"<p>Una cookie es un peque\u00f1o fichero de texto que se almacena a vuestro navegador cuando visita casi cualquier p\u00e1gina web. Su utilidad es que la web sea capaz de recordar vuestra visita cuando volv\u00e9is a navegar por esta p\u00e1gina. Las galletas suelen almacenar informaci\u00f3n de car\u00e1cter t\u00e9cnico, preferencias personales, personalizaci\u00f3n de contenidos, estad\u00edsticas de uso, [&hellip;]<\/p>\n","protected":false},"author":1,"featured_media":0,"parent":0,"menu_order":0,"comment_status":"closed","ping_status":"closed","template":"","meta":{"_acf_changed":false,"footnotes":""},"class_list":["post-1689","page","type-page","status-publish","hentry"],"acf":[],"yoast_head":"<!-- This site is optimized with the Yoast SEO plugin v27.4 - https:\/\/yoast.com\/product\/yoast-seo-wordpress\/ -->\n<title>Pol\u00edtica de cookies - Abac Formaci\u00f3<\/title>\n<meta name=\"robots\" content=\"index, follow, max-snippet:-1, max-image-preview:large, max-video-preview:-1\" \/>\n<link rel=\"canonical\" href=\"https:\/\/abacformacio.com\/es\/politica-de-cookies\/\" \/>\n<meta property=\"og:locale\" content=\"es_ES\" \/>\n<meta property=\"og:type\" content=\"article\" \/>\n<meta property=\"og:title\" content=\"Pol\u00edtica de cookies - Abac Formaci\u00f3\" \/>\n<meta property=\"og:description\" content=\"Una cookie es un peque\u00f1o fichero de texto que se almacena a vuestro navegador cuando visita casi cualquier p\u00e1gina web. Su utilidad es que la web sea capaz de recordar vuestra visita cuando volv\u00e9is a navegar por esta p\u00e1gina. Las galletas suelen almacenar informaci\u00f3n de car\u00e1cter t\u00e9cnico, preferencias personales, personalizaci\u00f3n de contenidos, estad\u00edsticas de uso, [&hellip;]\" \/>\n<meta property=\"og:url\" content=\"https:\/\/abacformacio.com\/es\/politica-de-cookies\/\" \/>\n<meta property=\"og:site_name\" content=\"Abac Formaci\u00f3\" \/>\n<meta property=\"article:modified_time\" content=\"2023-11-22T13:04:24+00:00\" \/>\n<meta name=\"twitter:card\" content=\"summary_large_image\" \/>\n<meta name=\"twitter:label1\" content=\"Tiempo de lectura\" \/>\n\t<meta name=\"twitter:data1\" content=\"8 minutos\" \/>\n<script type=\"application\/ld+json\" class=\"yoast-schema-graph\">{\"@context\":\"https:\\\/\\\/schema.org\",\"@graph\":[{\"@type\":\"WebPage\",\"@id\":\"https:\\\/\\\/abacformacio.com\\\/es\\\/politica-de-cookies\\\/\",\"url\":\"https:\\\/\\\/abacformacio.com\\\/es\\\/politica-de-cookies\\\/\",\"name\":\"Pol\u00edtica de cookies - Abac Formaci\u00f3\",\"isPartOf\":{\"@id\":\"https:\\\/\\\/abacformacio.com\\\/es\\\/#website\"},\"datePublished\":\"2023-10-30T09:20:44+00:00\",\"dateModified\":\"2023-11-22T13:04:24+00:00\",\"breadcrumb\":{\"@id\":\"https:\\\/\\\/abacformacio.com\\\/es\\\/politica-de-cookies\\\/#breadcrumb\"},\"inLanguage\":\"es\",\"potentialAction\":[{\"@type\":\"ReadAction\",\"target\":[\"https:\\\/\\\/abacformacio.com\\\/es\\\/politica-de-cookies\\\/\"]}]},{\"@type\":\"BreadcrumbList\",\"@id\":\"https:\\\/\\\/abacformacio.com\\\/es\\\/politica-de-cookies\\\/#breadcrumb\",\"itemListElement\":[{\"@type\":\"ListItem\",\"position\":1,\"name\":\"Portada\",\"item\":\"https:\\\/\\\/abacformacio.com\\\/es\\\/\"},{\"@type\":\"ListItem\",\"position\":2,\"name\":\"Pol\u00edtica de cookies\"}]},{\"@type\":\"WebSite\",\"@id\":\"https:\\\/\\\/abacformacio.com\\\/es\\\/#website\",\"url\":\"https:\\\/\\\/abacformacio.com\\\/es\\\/\",\"name\":\"Abac Formaci\u00f3\",\"description\":\"Formaci\u00f3 subvencionada i bonificada a Lleida\",\"publisher\":{\"@id\":\"https:\\\/\\\/abacformacio.com\\\/es\\\/#organization\"},\"potentialAction\":[{\"@type\":\"SearchAction\",\"target\":{\"@type\":\"EntryPoint\",\"urlTemplate\":\"https:\\\/\\\/abacformacio.com\\\/es\\\/?s={search_term_string}\"},\"query-input\":{\"@type\":\"PropertyValueSpecification\",\"valueRequired\":true,\"valueName\":\"search_term_string\"}}],\"inLanguage\":\"es\"},{\"@type\":\"Organization\",\"@id\":\"https:\\\/\\\/abacformacio.com\\\/es\\\/#organization\",\"name\":\"Abac Formaci\u00f3\",\"url\":\"https:\\\/\\\/abacformacio.com\\\/es\\\/\",\"logo\":{\"@type\":\"ImageObject\",\"inLanguage\":\"es\",\"@id\":\"https:\\\/\\\/abacformacio.com\\\/es\\\/#\\\/schema\\\/logo\\\/image\\\/\",\"url\":\"https:\\\/\\\/abacformacio.com\\\/wp-content\\\/uploads\\\/2023\\\/10\\\/formacio-empreses-lleida-abac-e1698183049887.png\",\"contentUrl\":\"https:\\\/\\\/abacformacio.com\\\/wp-content\\\/uploads\\\/2023\\\/10\\\/formacio-empreses-lleida-abac-e1698183049887.png\",\"width\":1042,\"height\":203,\"caption\":\"Abac Formaci\u00f3\"},\"image\":{\"@id\":\"https:\\\/\\\/abacformacio.com\\\/es\\\/#\\\/schema\\\/logo\\\/image\\\/\"}}]}<\/script>\n<!-- \/ Yoast SEO plugin. -->","yoast_head_json":{"title":"Pol\u00edtica de cookies - Abac Formaci\u00f3","robots":{"index":"index","follow":"follow","max-snippet":"max-snippet:-1","max-image-preview":"max-image-preview:large","max-video-preview":"max-video-preview:-1"},"canonical":"https:\/\/abacformacio.com\/es\/politica-de-cookies\/","og_locale":"es_ES","og_type":"article","og_title":"Pol\u00edtica de cookies - Abac Formaci\u00f3","og_description":"Una cookie es un peque\u00f1o fichero de texto que se almacena a vuestro navegador cuando visita casi cualquier p\u00e1gina web. Su utilidad es que la web sea capaz de recordar vuestra visita cuando volv\u00e9is a navegar por esta p\u00e1gina. Las galletas suelen almacenar informaci\u00f3n de car\u00e1cter t\u00e9cnico, preferencias personales, personalizaci\u00f3n de contenidos, estad\u00edsticas de uso, [&hellip;]","og_url":"https:\/\/abacformacio.com\/es\/politica-de-cookies\/","og_site_name":"Abac Formaci\u00f3","article_modified_time":"2023-11-22T13:04:24+00:00","twitter_card":"summary_large_image","twitter_misc":{"Tiempo de lectura":"8 minutos"},"schema":{"@context":"https:\/\/schema.org","@graph":[{"@type":"WebPage","@id":"https:\/\/abacformacio.com\/es\/politica-de-cookies\/","url":"https:\/\/abacformacio.com\/es\/politica-de-cookies\/","name":"Pol\u00edtica de cookies - Abac Formaci\u00f3","isPartOf":{"@id":"https:\/\/abacformacio.com\/es\/#website"},"datePublished":"2023-10-30T09:20:44+00:00","dateModified":"2023-11-22T13:04:24+00:00","breadcrumb":{"@id":"https:\/\/abacformacio.com\/es\/politica-de-cookies\/#breadcrumb"},"inLanguage":"es","potentialAction":[{"@type":"ReadAction","target":["https:\/\/abacformacio.com\/es\/politica-de-cookies\/"]}]},{"@type":"BreadcrumbList","@id":"https:\/\/abacformacio.com\/es\/politica-de-cookies\/#breadcrumb","itemListElement":[{"@type":"ListItem","position":1,"name":"Portada","item":"https:\/\/abacformacio.com\/es\/"},{"@type":"ListItem","position":2,"name":"Pol\u00edtica de cookies"}]},{"@type":"WebSite","@id":"https:\/\/abacformacio.com\/es\/#website","url":"https:\/\/abacformacio.com\/es\/","name":"Abac Formaci\u00f3","description":"Formaci\u00f3 subvencionada i bonificada a Lleida","publisher":{"@id":"https:\/\/abacformacio.com\/es\/#organization"},"potentialAction":[{"@type":"SearchAction","target":{"@type":"EntryPoint","urlTemplate":"https:\/\/abacformacio.com\/es\/?s={search_term_string}"},"query-input":{"@type":"PropertyValueSpecification","valueRequired":true,"valueName":"search_term_string"}}],"inLanguage":"es"},{"@type":"Organization","@id":"https:\/\/abacformacio.com\/es\/#organization","name":"Abac Formaci\u00f3","url":"https:\/\/abacformacio.com\/es\/","logo":{"@type":"ImageObject","inLanguage":"es","@id":"https:\/\/abacformacio.com\/es\/#\/schema\/logo\/image\/","url":"https:\/\/abacformacio.com\/wp-content\/uploads\/2023\/10\/formacio-empreses-lleida-abac-e1698183049887.png","contentUrl":"https:\/\/abacformacio.com\/wp-content\/uploads\/2023\/10\/formacio-empreses-lleida-abac-e1698183049887.png","width":1042,"height":203,"caption":"Abac Formaci\u00f3"},"image":{"@id":"https:\/\/abacformacio.com\/es\/#\/schema\/logo\/image\/"}}]}},"publishpress_future_action":{"enabled":false,"date":"2026-04-22 19:29:07","action":"change-status","newStatus":"draft","terms":[],"taxonomy":"translation_priority","extraData":[]},"publishpress_future_workflow_manual_trigger":{"enabledWorkflows":[]},"_links":{"self":[{"href":"https:\/\/abacformacio.com\/es\/wp-json\/wp\/v2\/pages\/1689","targetHints":{"allow":["GET"]}}],"collection":[{"href":"https:\/\/abacformacio.com\/es\/wp-json\/wp\/v2\/pages"}],"about":[{"href":"https:\/\/abacformacio.com\/es\/wp-json\/wp\/v2\/types\/page"}],"author":[{"embeddable":true,"href":"https:\/\/abacformacio.com\/es\/wp-json\/wp\/v2\/users\/1"}],"replies":[{"embeddable":true,"href":"https:\/\/abacformacio.com\/es\/wp-json\/wp\/v2\/comments?post=1689"}],"version-history":[{"count":7,"href":"https:\/\/abacformacio.com\/es\/wp-json\/wp\/v2\/pages\/1689\/revisions"}],"predecessor-version":[{"id":1696,"href":"https:\/\/abacformacio.com\/es\/wp-json\/wp\/v2\/pages\/1689\/revisions\/1696"}],"wp:attachment":[{"href":"https:\/\/abacformacio.com\/es\/wp-json\/wp\/v2\/media?parent=1689"}],"curies":[{"name":"wp","href":"https:\/\/api.w.org\/{rel}","templated":true}]}}