{"id":2711,"date":"2025-01-01T10:00:30","date_gmt":"2025-01-01T09:00:30","guid":{"rendered":"https:\/\/abacformacio.com\/?post_type=product&#038;p=2711"},"modified":"2026-04-09T09:59:36","modified_gmt":"2026-04-09T07:59:36","slug":"actic-avancat-2","status":"publish","type":"product","link":"https:\/\/abacformacio.com\/es\/producto\/actic-avancat-2\/","title":{"rendered":"ACTIC avan\u00e7at"},"content":{"rendered":"","protected":false},"excerpt":{"rendered":"","protected":false},"featured_media":0,"comment_status":"closed","ping_status":"closed","template":"","meta":{"_acf_changed":false},"product_brand":[],"product_cat":[56],"product_tag":[],"class_list":{"0":"post-2711","1":"product","2":"type-product","3":"status-publish","5":"product_cat-sin-categorizar-2","7":"first","8":"instock","9":"shipping-taxable","10":"purchasable","11":"product-type-simple"},"acf":{"codi_de_referencia":"FBII-3","data_inici":"20260530","data_final":"20260627","objectius":"Assegurar l\u2019efic\u00e0cia de l\u2019\u00fas de les TIC en els diferents contextos i entorns en els que es desenvolupa la ciutadania, \u00e9s a dir, en l\u2019\u00e0mbit personal, professional o econ\u00f2mic i social.","continguts":"\u2022 Tractament de la informaci\u00f3 escrita.\r\n\u2022 Tractament de la informaci\u00f3 num\u00e8rica.","avaluacio_i_certificat":"Examen oficial al nostre centre de formaci\u00f3. T\u00edtol oficial d'ACTIC avan\u00e7at","calendari":"Dissabte 30 de maig i 6, 13 i 20 de juny. Examen: 27 de juny.","horari":"De 9.00 a 14.00 hores","hores_lectives":20,"preu":"150","informacio_addicional":"","filtros_tematica":["Ofim\u00e0tica"],"filtros_tipos_cursos":["Privat"],"filtros_data_inici":["Pr\u00f2ximament"]},"yoast_head":"<!-- This site is optimized with the Yoast SEO plugin v27.4 - https:\/\/yoast.com\/product\/yoast-seo-wordpress\/ -->\n<title>ACTIC avan\u00e7at - Abac Formaci\u00f3<\/title>\n<meta name=\"robots\" content=\"index, follow, max-snippet:-1, max-image-preview:large, max-video-preview:-1\" \/>\n<link rel=\"canonical\" href=\"https:\/\/abacformacio.com\/es\/producto\/actic-avancat-2\/\" \/>\n<meta property=\"og:locale\" content=\"es_ES\" \/>\n<meta property=\"og:type\" content=\"article\" \/>\n<meta property=\"og:title\" content=\"ACTIC avan\u00e7at - Abac Formaci\u00f3\" \/>\n<meta property=\"og:url\" content=\"https:\/\/abacformacio.com\/es\/producto\/actic-avancat-2\/\" \/>\n<meta property=\"og:site_name\" content=\"Abac Formaci\u00f3\" \/>\n<meta property=\"article:modified_time\" content=\"2026-04-09T07:59:36+00:00\" \/>\n<meta name=\"twitter:card\" content=\"summary_large_image\" \/>\n<script type=\"application\/ld+json\" class=\"yoast-schema-graph\">{\"@context\":\"https:\\\/\\\/schema.org\",\"@graph\":[{\"@type\":\"WebPage\",\"@id\":\"https:\\\/\\\/abacformacio.com\\\/es\\\/producto\\\/actic-avancat-2\\\/\",\"url\":\"https:\\\/\\\/abacformacio.com\\\/es\\\/producto\\\/actic-avancat-2\\\/\",\"name\":\"ACTIC avan\u00e7at - Abac Formaci\u00f3\",\"isPartOf\":{\"@id\":\"https:\\\/\\\/abacformacio.com\\\/es\\\/#website\"},\"datePublished\":\"2025-01-01T09:00:30+00:00\",\"dateModified\":\"2026-04-09T07:59:36+00:00\",\"breadcrumb\":{\"@id\":\"https:\\\/\\\/abacformacio.com\\\/es\\\/producto\\\/actic-avancat-2\\\/#breadcrumb\"},\"inLanguage\":\"es\",\"potentialAction\":[{\"@type\":\"ReadAction\",\"target\":[\"https:\\\/\\\/abacformacio.com\\\/es\\\/producto\\\/actic-avancat-2\\\/\"]}]},{\"@type\":\"BreadcrumbList\",\"@id\":\"https:\\\/\\\/abacformacio.com\\\/es\\\/producto\\\/actic-avancat-2\\\/#breadcrumb\",\"itemListElement\":[{\"@type\":\"ListItem\",\"position\":1,\"name\":\"Portada\",\"item\":\"https:\\\/\\\/abacformacio.com\\\/es\\\/\"},{\"@type\":\"ListItem\",\"position\":2,\"name\":\"Productos\",\"item\":\"https:\\\/\\\/abacformacio.com\\\/es\\\/shop\\\/\"},{\"@type\":\"ListItem\",\"position\":3,\"name\":\"ACTIC avan\u00e7at\"}]},{\"@type\":\"WebSite\",\"@id\":\"https:\\\/\\\/abacformacio.com\\\/es\\\/#website\",\"url\":\"https:\\\/\\\/abacformacio.com\\\/es\\\/\",\"name\":\"Abac Formaci\u00f3\",\"description\":\"Formaci\u00f3 subvencionada i bonificada a Lleida\",\"publisher\":{\"@id\":\"https:\\\/\\\/abacformacio.com\\\/es\\\/#organization\"},\"potentialAction\":[{\"@type\":\"SearchAction\",\"target\":{\"@type\":\"EntryPoint\",\"urlTemplate\":\"https:\\\/\\\/abacformacio.com\\\/es\\\/?s={search_term_string}\"},\"query-input\":{\"@type\":\"PropertyValueSpecification\",\"valueRequired\":true,\"valueName\":\"search_term_string\"}}],\"inLanguage\":\"es\"},{\"@type\":\"Organization\",\"@id\":\"https:\\\/\\\/abacformacio.com\\\/es\\\/#organization\",\"name\":\"Abac Formaci\u00f3\",\"url\":\"https:\\\/\\\/abacformacio.com\\\/es\\\/\",\"logo\":{\"@type\":\"ImageObject\",\"inLanguage\":\"es\",\"@id\":\"https:\\\/\\\/abacformacio.com\\\/es\\\/#\\\/schema\\\/logo\\\/image\\\/\",\"url\":\"https:\\\/\\\/abacformacio.com\\\/wp-content\\\/uploads\\\/2023\\\/10\\\/formacio-empreses-lleida-abac-e1698183049887.png\",\"contentUrl\":\"https:\\\/\\\/abacformacio.com\\\/wp-content\\\/uploads\\\/2023\\\/10\\\/formacio-empreses-lleida-abac-e1698183049887.png\",\"width\":1042,\"height\":203,\"caption\":\"Abac Formaci\u00f3\"},\"image\":{\"@id\":\"https:\\\/\\\/abacformacio.com\\\/es\\\/#\\\/schema\\\/logo\\\/image\\\/\"}}]}<\/script>\n<!-- \/ Yoast SEO plugin. -->","yoast_head_json":{"title":"ACTIC avan\u00e7at - Abac Formaci\u00f3","robots":{"index":"index","follow":"follow","max-snippet":"max-snippet:-1","max-image-preview":"max-image-preview:large","max-video-preview":"max-video-preview:-1"},"canonical":"https:\/\/abacformacio.com\/es\/producto\/actic-avancat-2\/","og_locale":"es_ES","og_type":"article","og_title":"ACTIC avan\u00e7at - Abac Formaci\u00f3","og_url":"https:\/\/abacformacio.com\/es\/producto\/actic-avancat-2\/","og_site_name":"Abac Formaci\u00f3","article_modified_time":"2026-04-09T07:59:36+00:00","twitter_card":"summary_large_image","schema":{"@context":"https:\/\/schema.org","@graph":[{"@type":"WebPage","@id":"https:\/\/abacformacio.com\/es\/producto\/actic-avancat-2\/","url":"https:\/\/abacformacio.com\/es\/producto\/actic-avancat-2\/","name":"ACTIC avan\u00e7at - Abac Formaci\u00f3","isPartOf":{"@id":"https:\/\/abacformacio.com\/es\/#website"},"datePublished":"2025-01-01T09:00:30+00:00","dateModified":"2026-04-09T07:59:36+00:00","breadcrumb":{"@id":"https:\/\/abacformacio.com\/es\/producto\/actic-avancat-2\/#breadcrumb"},"inLanguage":"es","potentialAction":[{"@type":"ReadAction","target":["https:\/\/abacformacio.com\/es\/producto\/actic-avancat-2\/"]}]},{"@type":"BreadcrumbList","@id":"https:\/\/abacformacio.com\/es\/producto\/actic-avancat-2\/#breadcrumb","itemListElement":[{"@type":"ListItem","position":1,"name":"Portada","item":"https:\/\/abacformacio.com\/es\/"},{"@type":"ListItem","position":2,"name":"Productos","item":"https:\/\/abacformacio.com\/es\/shop\/"},{"@type":"ListItem","position":3,"name":"ACTIC avan\u00e7at"}]},{"@type":"WebSite","@id":"https:\/\/abacformacio.com\/es\/#website","url":"https:\/\/abacformacio.com\/es\/","name":"Abac Formaci\u00f3","description":"Formaci\u00f3 subvencionada i bonificada a Lleida","publisher":{"@id":"https:\/\/abacformacio.com\/es\/#organization"},"potentialAction":[{"@type":"SearchAction","target":{"@type":"EntryPoint","urlTemplate":"https:\/\/abacformacio.com\/es\/?s={search_term_string}"},"query-input":{"@type":"PropertyValueSpecification","valueRequired":true,"valueName":"search_term_string"}}],"inLanguage":"es"},{"@type":"Organization","@id":"https:\/\/abacformacio.com\/es\/#organization","name":"Abac Formaci\u00f3","url":"https:\/\/abacformacio.com\/es\/","logo":{"@type":"ImageObject","inLanguage":"es","@id":"https:\/\/abacformacio.com\/es\/#\/schema\/logo\/image\/","url":"https:\/\/abacformacio.com\/wp-content\/uploads\/2023\/10\/formacio-empreses-lleida-abac-e1698183049887.png","contentUrl":"https:\/\/abacformacio.com\/wp-content\/uploads\/2023\/10\/formacio-empreses-lleida-abac-e1698183049887.png","width":1042,"height":203,"caption":"Abac Formaci\u00f3"},"image":{"@id":"https:\/\/abacformacio.com\/es\/#\/schema\/logo\/image\/"}}]}},"publishpress_future_workflow_manual_trigger":{"enabledWorkflows":[]},"_links":{"self":[{"href":"https:\/\/abacformacio.com\/es\/wp-json\/wp\/v2\/product\/2711","targetHints":{"allow":["GET"]}}],"collection":[{"href":"https:\/\/abacformacio.com\/es\/wp-json\/wp\/v2\/product"}],"about":[{"href":"https:\/\/abacformacio.com\/es\/wp-json\/wp\/v2\/types\/product"}],"replies":[{"embeddable":true,"href":"https:\/\/abacformacio.com\/es\/wp-json\/wp\/v2\/comments?post=2711"}],"wp:attachment":[{"href":"https:\/\/abacformacio.com\/es\/wp-json\/wp\/v2\/media?parent=2711"}],"wp:term":[{"taxonomy":"product_brand","embeddable":true,"href":"https:\/\/abacformacio.com\/es\/wp-json\/wp\/v2\/product_brand?post=2711"},{"taxonomy":"product_cat","embeddable":true,"href":"https:\/\/abacformacio.com\/es\/wp-json\/wp\/v2\/product_cat?post=2711"},{"taxonomy":"product_tag","embeddable":true,"href":"https:\/\/abacformacio.com\/es\/wp-json\/wp\/v2\/product_tag?post=2711"}],"curies":[{"name":"wp","href":"https:\/\/api.w.org\/{rel}","templated":true}]}}